{"id":83,"date":"2022-07-14T07:10:46","date_gmt":"2022-07-14T07:10:46","guid":{"rendered":"https:\/\/shtheme.com\/demosd\/premiex\/?page_id=83"},"modified":"2024-05-10T19:53:45","modified_gmt":"2024-05-10T19:53:45","slug":"index-html5-video","status":"publish","type":"page","link":"https:\/\/sunsethillsmotionpictures.com\/pl\/","title":{"rendered":"Index HTML5 Video"},"content":{"rendered":"<div data-elementor-type=\"wp-page\" data-elementor-id=\"83\" class=\"elementor elementor-83\">\n\t\t\t\t\t\t<section class=\"elementor-section elementor-top-section elementor-element elementor-element-ebb1360 elementor-section-full_width elementor-section-height-default elementor-section-height-default\" data-id=\"ebb1360\" data-element_type=\"section\" data-e-type=\"section\">\n\t\t\t\t\t\t<div class=\"elementor-container elementor-column-gap-no\">\n\t\t\t\t\t<div class=\"elementor-column elementor-col-100 elementor-top-column elementor-element elementor-element-b036f0d\" data-id=\"b036f0d\" data-element_type=\"column\" data-e-type=\"column\">\n\t\t\t<div class=\"elementor-widget-wrap elementor-element-populated\">\n\t\t\t\t\t\t<div class=\"elementor-element elementor-element-631784e elementor-align-center elementor-widget__width-inherit elementor-widget elementor-widget-bdevs-home-slide-1\" data-id=\"631784e\" data-element_type=\"widget\" data-e-type=\"widget\" data-widget_type=\"bdevs-home-slide-1.default\">\n\t\t\t\t<div class=\"elementor-widget-container\">\n\t\t\t\t\t  \n\n<div class=\"upper-page\" id=\"page-home\">\n    <div class=\"center-container\">\n        <div class=\"center-block\">\n            \t\t\t\t            <h1 class=\"hero-heading fadeIn-element\">\n\t\t\t\t\t\t                \t<i class=\"hero-heading-xs\">Sunset hills<\/i><br>\n\t\t\t\t\t\t\t\t\t\t\t                \tMotion Pictures\t\t\t\t\t\t            <\/h1>\n\t\t\t            <div class=\"divider-m\"><\/div>\n\t\t\t\t\t\t\n        <\/div>\n    <\/div>\n    <div class=\"hero-fullscreen\">\n        <div class=\"hero-fullscreen-FIX\">\n            <div class=\"hero-bg bg-img-SINGLE overlay overlay-dark-65\" style=\"background-image: url(http:\/\/sunsethillsmotionpictures.com\/wp-content\/uploads\/2024\/05\/pixelcut-export.jpeg);\"><\/div>\n        <\/div>\n    <\/div>\n<\/div>\n\n\t\t\t\t<\/div>\n\t\t\t\t<\/div>\n\t\t\t\t\t<\/div>\n\t\t<\/div>\n\t\t\t\t\t<\/div>\n\t\t<\/section>\n\t\t\t\t<section class=\"elementor-section elementor-top-section elementor-element elementor-element-6f78a47 elementor-section-full_width elementor-section-height-default elementor-section-height-default\" data-id=\"6f78a47\" data-element_type=\"section\" data-e-type=\"section\">\n\t\t\t\t\t\t<div class=\"elementor-container elementor-column-gap-no\">\n\t\t\t\t\t<div class=\"elementor-column elementor-col-100 elementor-top-column elementor-element elementor-element-963d888\" data-id=\"963d888\" data-element_type=\"column\" data-e-type=\"column\">\n\t\t\t<div class=\"elementor-widget-wrap elementor-element-populated\">\n\t\t\t\t\t\t<div class=\"elementor-element elementor-element-bc3cec2 elementor-widget elementor-widget-html\" data-id=\"bc3cec2\" data-element_type=\"widget\" data-e-type=\"widget\" data-widget_type=\"html.default\">\n\t\t\t\t<div class=\"elementor-widget-container\">\n\t\t\t\t\t<style>\r\n    #introVideo {\r\n  position: fixed;\r\n  right: 0;\r\n  bottom: 0;\r\n  min-width: 100%;\r\n  min-height: 100%;\r\n  width: auto;\r\n  height: auto;\r\n  z-index: 9999;\r\n  background-size: cover;\r\n}\r\n\r\n#closeVideo {\r\n    position: fixed;\r\n    bottom: 20px;\r\n    left: 50%;\r\n    transform: translateX(-50%);\r\n    z-index: 10000;\r\n    padding: 10px 20px;\r\n    font-size: 16px;\r\n    cursor: pointer;\r\n    background-color: #fff;\r\n    border: none;\r\n    border-radius: 5px;\r\n    box-shadow: 0 2px 5px rgba(0,0,0,0.2);\r\n    color: #333;\r\n}\r\n<\/style>\r\n\r\n\r\n<video id=\"introVideo\" controls autoplay muted>\r\n  <source src=\"http:\/\/sunsethillsmotionpictures.com\/wp-content\/uploads\/2024\/05\/yhohh.mp4\" type=\"video\/mp4\" >\r\n  Twoja przegl\u0105darka nie obs\u0142uguje tagu video.\r\n<\/video>\r\n<button id=\"closeVideo\" style=\"position: fixed; bottom: 20px; left: 50%; transform: translateX(-50%); z-index: 10000; padding: 10px 20px; font-size: 16px; cursor: pointer;\">Close<\/button>\r\n\r\n<script>\r\ndocument.addEventListener('DOMContentLoaded', function() {\r\n    var video = document.getElementById('introVideo');\r\n    var closeButton = document.getElementById('closeVideo');\r\n\r\n    \/\/ Funkcje do zarz\u0105dzania wy\u015bwietlaniem wideo i trybem pe\u0142noekranowym\r\n    function closeVideoAndRestore() {\r\n        if (document.exitFullscreen) {\r\n            document.exitFullscreen();\r\n        } else if (document.webkitExitFullscreen) {\r\n            document.webkitExitFullscreen();\r\n        } else if (document.mozCancelFullScreen) {\r\n            document.mozCancelFullScreen();\r\n        } else if (document.msExitFullscreen) {\r\n            document.msExitFullscreen();\r\n        }\r\n\r\n        video.style.display = 'none'; \/\/ Ukryj wideo\r\n        closeButton.style.display = 'none'; \/\/ Ukryj przycisk\r\n        document.body.style.overflow = 'auto'; \/\/ Przywr\u00f3\u0107 przewijanie strony\r\n    }\r\n\r\n    video.onplay = function() {\r\n        if (video.requestFullscreen) {\r\n            video.requestFullscreen();\r\n        } else if (video.webkitRequestFullscreen) {\r\n            video.webkitRequestFullscreen();\r\n        } else if (video.mozRequestFullScreen) {\r\n            video.mozRequestFullScreen();\r\n        } else if (video.msRequestFullscreen) {\r\n            video.msRequestFullscreen();\r\n        }\r\n        closeButton.style.display = 'block'; \/\/ Poka\u017c przycisk gdy wideo jest odtwarzane\r\n    };\r\n\r\n    video.addEventListener('ended', closeVideoAndRestore);\r\n\r\n    closeButton.addEventListener('click', function() {\r\n        video.pause(); \/\/ Zatrzymaj wideo\r\n        closeVideoAndRestore(); \/\/ Zamknij wideo i przywr\u00f3\u0107 normalny widok strony\r\n    });\r\n});\r\n\r\n    \r\n<\/script>\t\t\t\t<\/div>\n\t\t\t\t<\/div>\n\t\t\t\t<div class=\"elementor-element elementor-element-22f193b elementor-align-left elementor-widget elementor-widget-bdevs-home-about\" data-id=\"22f193b\" data-element_type=\"widget\" data-e-type=\"widget\" data-widget_type=\"bdevs-home-about.default\">\n\t\t\t\t<div class=\"elementor-widget-container\">\n\t\t\t\t\t  \n\n<div class=\"lower-page\" id=\"page-about\">\n    <div class=\"container nopadding nopadding-post\">\n        <div class=\"divider-xl\"><\/div>\n        <div class=\"row\">\n            <div class=\"col-lg-12\">\n\t\t\t\t\t\t\t\t\t<h2 class=\"section-heading\">\n\t\t\t\t\t\t<span>01.<\/span>\t\t\t\t\t<\/h2>\n\t\t\t\t\t\t\t\t                \t<div class=\"divider-m\"><\/div>\n\t\t\t\t\t\t\t\t\t\t\t\t\t<div class=\"page-title-content page-title-all\">\n\t\t\t\t\t\t<h1 class=\"post-title post-title-all-main-title\">\n\t\t\t\t\t\t\tAbout Us\t\t\t\t\t\t<\/h1>\n\t\t\t\t\t<\/div>\n\t\t\t\t            <\/div>\n        <\/div>\n        <div class=\"divider-l\"><\/div>\n\t\t\t\t\t<div class=\"row\">\n\t\t\t\t<div class=\"col-lg-12\">\n\t\t\t\t\t<h1 class=\"section-header\">\n\t\t\t\t\t\t<span>Our <\/span> company is able to  <span> supervise other productions on commission<\/span> preparing a photo set, selecting objects.\t\t\t\t\t<\/h1>\n\t\t\t\t<\/div>\n\t\t\t<\/div>\n\t\t\t<div class=\"divider-l\"><\/div>\n\t\t        <div class=\"row\">\n            <div class=\"col-md-6\">\n                <div class=\"txt\">\n                    <p>\n                    \tWe design scenography, we have numerous contacts with companies involved in post-production of films. .                    <\/p>\n                <\/div>\n            <\/div>\n            <div class=\"divider-xs visible-mobile-devices\"><\/div>\n            <div class=\"col-md-6\">\n                <div class=\"txt\">\n                    <p>\n                    \tWe have the opportunity to hire Polish film crews at every film production, which are famous for doing their job very well.                    <\/p>\n                <\/div>\n            <\/div>\n        <\/div>\n    <\/div>\n<\/div>\n\t\t\t\t<\/div>\n\t\t\t\t<\/div>\n\t\t\t\t<div class=\"elementor-element elementor-element-3c0f75c elementor-widget elementor-widget-html\" data-id=\"3c0f75c\" data-element_type=\"widget\" data-e-type=\"widget\" data-widget_type=\"html.default\">\n\t\t\t\t<div class=\"elementor-widget-container\">\n\t\t\t\t\t<center><a class=\"link-effect\" href=\"https:\/\/sunsethillsmotionpictures.com\/pl\/about-us\/\">Get to know us better<\/a><\/center>\t\t\t\t<\/div>\n\t\t\t\t<\/div>\n\t\t\t\t\t<\/div>\n\t\t<\/div>\n\t\t\t\t\t<\/div>\n\t\t<\/section>\n\t\t\t\t<section class=\"elementor-section elementor-top-section elementor-element elementor-element-fce1483 elementor-section-full_width elementor-section-height-default elementor-section-height-default\" data-id=\"fce1483\" data-element_type=\"section\" data-e-type=\"section\">\n\t\t\t\t\t\t<div class=\"elementor-container elementor-column-gap-no\">\n\t\t\t\t\t<div class=\"elementor-column elementor-col-100 elementor-top-column elementor-element elementor-element-a7731ad\" data-id=\"a7731ad\" data-element_type=\"column\" data-e-type=\"column\">\n\t\t\t<div class=\"elementor-widget-wrap elementor-element-populated\">\n\t\t\t\t\t\t<div class=\"elementor-element elementor-element-907d859 elementor-align-left elementor-widget elementor-widget-bdevs-home-service\" data-id=\"907d859\" data-element_type=\"widget\" data-e-type=\"widget\" data-widget_type=\"bdevs-home-service.default\">\n\t\t\t\t<div class=\"elementor-widget-container\">\n\t\t\t\t\t  \n\n<div class=\"lower-page\" id=\"page-services\">\n    <div class=\"container nopadding nopadding-post\">\n        <div class=\"divider-xl\"><\/div>\n        <div class=\"row\">\n            <div class=\"col-lg-12\">\n                \t\t\t\t\t<h2 class=\"section-heading\">\n\t\t\t\t\t\t<span>02.<\/span>  focusing on the \t\t\t\t\t<\/h2>\n\t\t\t\t\t\t\t\t                \t<div class=\"divider-m\"><\/div>\n\t\t\t\t\t\t\t\t\t\t\t\t\t<div class=\"page-title-content page-title-all\">\n\t\t\t\t\t\t<h1 class=\"post-title post-title-all-main-title\">\n\t\t\t\t\t\t\t production of two films:\t\t\t\t\t\t<\/h1>\n\t\t\t\t\t<\/div>\n\t\t\t\t            <\/div>\n        <\/div>\n        <div class=\"divider-l\"><\/div>\n                <div class=\"row\">\n        \t            <div class=\"col-md-4 col-all\">\n            \t<div class=\"divider-m\"><\/div>\n                <h6 class=\"services\">\n                \t<span class=\"awesome\">THE ADVENTURES\n<\/span> OF TOM                <\/h6>\n                <div class=\"divider-m\"><\/div>\n                <div class=\"txt\">\n                    <p>\n                    \tWe already have written and are ready for a production script for the aforementioned part which has been written by one of the Hollywood script writers.\n<br><br><br>\nThe estiminated bugdet for this project is 45 mln dolars.\n\n\n\n<br><br>\n <a class=\"link-effect\" href=\"https:\/\/sunsethillsmotionpictures.com\/pl\/the-adventures-of-tom\/\">Project details<\/a>.                    <\/p>\n                <\/div>\n            <\/div>\n            <div class=\"divider-xs visible-mobile-devices\"><\/div>\n        \t            <div class=\"col-md-4 col-all\">\n            \t<div class=\"divider-m\"><\/div>\n                <h6 class=\"services\">\n                \t<span class=\"awesome\">THE KINGS\n<\/span> OF LIFE                <\/h6>\n                <div class=\"divider-m\"><\/div>\n                <div class=\"txt\">\n                    <p>\n                    \t \n\n\"The Kings of Life\" is a modern story about friendship which is full of touching moments, love and fascination with music, but it is also about how to survive in this notoriously \u201chuman world\u201d. \n<br><br>\nLocation photos: London - England \/ Warsaw - Poland \/ New York - USA\n\n\n<br><br>\n <a class=\"link-effect\" href=\"https:\/\/sunsethillsmotionpictures.com\/pl\/the-kings-of-life\/\">Project details<\/a>.                    <\/p>\n                <\/div>\n            <\/div>\n            <div class=\"divider-xs visible-mobile-devices\"><\/div>\n        \t        <\/div>\n    <\/div>\n<\/div>\n\t\t\t\t<\/div>\n\t\t\t\t<\/div>\n\t\t\t\t<div class=\"elementor-element elementor-element-e8315bb elementor-align-left elementor-widget elementor-widget-bdevs-home-contact\" data-id=\"e8315bb\" data-element_type=\"widget\" data-e-type=\"widget\" data-widget_type=\"bdevs-home-contact.default\">\n\t\t\t\t<div class=\"elementor-widget-container\">\n\t\t\t\t\t  \n\n<div class=\"lower-page\" id=\"page-contact\">\n    <div class=\"container nopadding nopadding-post\">\n        <div class=\"divider-xl\"><\/div>\n        <div class=\"row\">\n            <div class=\"col-lg-12\">\n\t\t\t\t\t\t\t\t\t<h2 class=\"section-heading\">\n\t\t\t\t\t\t<span>05.<\/span> Let's Talk\t\t\t\t\t<\/h2>\n\t\t\t\t\t\t\t\t                \t<div class=\"divider-m\"><\/div>\n\t\t\t\t\t\t\t\t\t\t\t\t\t<div class=\"page-title-content page-title-all\">\n\t\t\t\t\t\t<h1 class=\"post-title post-title-all-main-title\">\n\t\t\t\t\t\t\tContact\t\t\t\t\t\t<\/h1>\n\t\t\t\t\t<\/div>\n\t\t\t\t            <\/div>\n        <\/div>\n        <div class=\"divider-l\"><\/div>\n        \t\t\t<div class=\"row\">\n\t\t\t\t<div class=\"col-lg-12\">\n\t\t\t\t\t<h1 class=\"section-header\">\n\t\t\t\t\t\t\n\nWe have two offices in \n\n<span>Poland <\/span> \nand <span>Great Britain.<\/span> \n<br>\n\n\t\t\t\t\t<\/h1>\n\t\t\t\t<\/div>\n\t\t\t<\/div>\n\t\t\t<div class=\"divider-l\"><\/div>\n\t\t        <div class=\"row\">\n            <div class=\"col-md-4 col-all\">\n                <h6 class=\"contact\">\n                \t<span class=\"awesome\">Poland<\/span> office                <\/h6>\n                <div class=\"divider-m\"><\/div>\n                <div class=\"txt\">\n                    <p>\n                    \tSunset Hills Motion Pictures S.A.  <br>02-738 Warsaw, Poland<br> ul. Dominika\u0144ska 21B                    <\/p>\n                <\/div>\n            <\/div>\n            <div class=\"divider-xs visible-mobile-devices\"><\/div>\n            <div class=\"col-md-4 col-all\">\n                <h6 class=\"contact\">\n                \t<span class=\"awesome\">United Kingdom<\/span> office                <\/h6>\n                <div class=\"divider-m\"><\/div>\n                <div class=\"txt\">\n                    <p>\n                    \tSUNSET HILLS INVESTMENTS LTD<br> 27 Old Gloucester Street,  London, <br>United Kingdom,  <br>WC1N 3AX                    <\/p>\n                <\/div>\n            <\/div>\n            <div class=\"divider-xs visible-mobile-devices\"><\/div>\n            <div class=\"col-md-4 col-all\">\n                <h6 class=\"contact\">\n                \t<span class=\"awesome\">Contact<\/span> \n\n                <\/h6>\n                <div class=\"divider-m\"><\/div>\n                <div class=\"txt\">\n                    <p>\n                        <a class=\"link-effect\" href=\"mailto:cool@world.pl <\/div> <\/a> <br> Phone: +48 606 400 500\">cool@world.pl <\/div> <\/a> <br> Phone: +48 606 400 500<\/a>\n                    <\/p>\n                <\/div>\n            <\/div>\n        <\/div>\n        <div class=\"divider-xl\"><\/div>\n    <\/div>\n<\/div>\n<div class=\"contact-modal\">\n    <div class=\"container\">\n        <div class=\"center-container-contact-modal\">\n            <div class=\"center-block-contact-modal\">\n                <div class=\"row center-block-contact-modal-padding-top\">\n                    <div class=\"col-lg-12\">\n                        <h1 class=\"section-header section-header-light section-header-modal\">\n                            Get in <span>touch<\/span>\n                        <\/h1>\n                    <\/div>\n                <\/div>\n                <div class=\"divider-l\"><\/div>\n                <div class=\"row contact-modal-wrapper\">\n                    <div>\n                        <div id=\"contact-form\">\n                            \n<div class=\"wpcf7 no-js\" id=\"wpcf7-f73-o1\" lang=\"en-US\" dir=\"ltr\">\n<div class=\"screen-reader-response\"><p role=\"status\" aria-live=\"polite\" aria-atomic=\"true\"><\/p> <ul><\/ul><\/div>\n<form action=\"\/pl\/wp-json\/wp\/v2\/pages\/83#wpcf7-f73-o1\" method=\"post\" class=\"wpcf7-form init\" aria-label=\"Contact form\" novalidate=\"novalidate\" data-status=\"init\" data-trp-original-action=\"\/pl\/wp-json\/wp\/v2\/pages\/83#wpcf7-f73-o1\">\n<div style=\"display: none;\">\n<input type=\"hidden\" name=\"_wpcf7\" value=\"73\" \/>\n<input type=\"hidden\" name=\"_wpcf7_version\" value=\"5.9.4\" \/>\n<input type=\"hidden\" name=\"_wpcf7_locale\" value=\"en_US\" \/>\n<input type=\"hidden\" name=\"_wpcf7_unit_tag\" value=\"wpcf7-f73-o1\" \/>\n<input type=\"hidden\" name=\"_wpcf7_container_post\" value=\"0\" \/>\n<input type=\"hidden\" name=\"_wpcf7_posted_data_hash\" value=\"\" \/>\n<\/div>\n<div id=\"form\" name=\"send\">\n\t<div class=\"col-sm-4 col-md-4 col-lg-4\">\n\t\t<p><span class=\"wpcf7-form-control-wrap\" data-name=\"name\"><input size=\"40\" class=\"wpcf7-form-control wpcf7-text wpcf7-validates-as-required requiredField name\" id=\"name\" aria-required=\"true\" aria-invalid=\"false\" placeholder=\"Name\" value=\"\" type=\"text\" name=\"name\" \/><\/span>\n\t\t<\/p>\n\t<\/div>\n\t<div class=\"col-sm-4 col-md-4 col-lg-4\">\n\t\t<p><span class=\"wpcf7-form-control-wrap\" data-name=\"email\"><input size=\"40\" class=\"wpcf7-form-control wpcf7-text wpcf7-validates-as-required requiredField email\" id=\"email\" aria-required=\"true\" aria-invalid=\"false\" placeholder=\"Email\" value=\"\" type=\"text\" name=\"email\" \/><\/span>\n\t\t<\/p>\n\t<\/div>\n\t<div class=\"col-sm-4 col-md-4 col-lg-4\">\n\t\t<p><span class=\"wpcf7-form-control-wrap\" data-name=\"subject\"><input size=\"40\" class=\"wpcf7-form-control wpcf7-text wpcf7-validates-as-required requiredField subject\" id=\"subject\" aria-required=\"true\" aria-invalid=\"false\" placeholder=\"Subject\" value=\"\" type=\"text\" name=\"subject\" \/><\/span>\n\t\t<\/p>\n\t<\/div>\n\t<div class=\"make-space\">\n\t\t<p><span class=\"wpcf7-form-control-wrap\" data-name=\"message\"><textarea cols=\"40\" rows=\"10\" class=\"wpcf7-form-control wpcf7-textarea wpcf7-validates-as-required requiredField message\" id=\"message\" aria-required=\"true\" aria-invalid=\"false\" placeholder=\"Message\" name=\"message\"><\/textarea><\/span>\n\t\t<\/p>\n\t<\/div>\n\t<div>\n\t\t<div class=\"contact-form-submit-wrapper\">\n\t\t\t<p><input class=\"wpcf7-form-control wpcf7-submit has-spinner the-button the-button-light the-button-contact the-button-submit\" id=\"submit\" type=\"submit\" value=\"Submit\" \/>\n\t\t\t<\/p>\n\t\t<\/div>\n\t<\/div>\n<\/div><div class=\"wpcf7-response-output\" aria-hidden=\"true\"><\/div>\n<input type=\"hidden\" name=\"trp-form-language\" value=\"pl\"\/><\/form>\n<\/div>\n                        <\/div>\n                    <\/div>\n                <\/div>\n                <div class=\"divider-l\"><\/div>\n                <div class=\"row center-block-contact-modal-padding-bottom\">\n                    <div class=\"col-lg-12\">\n                        <div class=\"contact-modal-closer\">\n                            <span class=\"ion-close\"><\/span>\n                        <\/div>\n                    <\/div>\n                <\/div>\n            <\/div>\n        <\/div>\n    <\/div>\n<\/div>\n\t\t\t\t<\/div>\n\t\t\t\t<\/div>\n\t\t\t\t\t<\/div>\n\t\t<\/div>\n\t\t\t\t\t<\/div>\n\t\t<\/section>\n\t\t\t\t<section class=\"elementor-section elementor-top-section elementor-element elementor-element-a762356 elementor-section-full_width elementor-section-height-default elementor-section-height-default\" data-id=\"a762356\" data-element_type=\"section\" data-e-type=\"section\">\n\t\t\t\t\t\t<div class=\"elementor-container elementor-column-gap-no\">\n\t\t\t\t\t<div class=\"elementor-column elementor-col-100 elementor-top-column elementor-element elementor-element-953c92b\" data-id=\"953c92b\" data-element_type=\"column\" data-e-type=\"column\">\n\t\t\t<div class=\"elementor-widget-wrap\">\n\t\t\t\t\t\t\t<\/div>\n\t\t<\/div>\n\t\t\t\t\t<\/div>\n\t\t<\/section>\n\t\t\t\t<section class=\"elementor-section elementor-top-section elementor-element elementor-element-126057c elementor-section-full_width elementor-section-height-default elementor-section-height-default\" data-id=\"126057c\" data-element_type=\"section\" data-e-type=\"section\">\n\t\t\t\t\t\t<div class=\"elementor-container elementor-column-gap-no\">\n\t\t\t\t\t<div class=\"elementor-column elementor-col-100 elementor-top-column elementor-element elementor-element-44b6749\" data-id=\"44b6749\" data-element_type=\"column\" data-e-type=\"column\">\n\t\t\t<div class=\"elementor-widget-wrap elementor-element-populated\">\n\t\t\t\t\t\t<div class=\"elementor-element elementor-element-683bdc7 elementor-align-left elementor-widget elementor-widget-bdevs-home-credit\" data-id=\"683bdc7\" data-element_type=\"widget\" data-e-type=\"widget\" data-widget_type=\"bdevs-home-credit.default\">\n\t\t\t\t<div class=\"elementor-widget-container\">\n\t\t\t\t\t  \n\n<div class=\"lower-page-footer-credits\" id=\"page-footer-credits\">\n    <div class=\"container nopadding nopadding-post\">\n        <div class=\"row\">\n            <div class=\"col-lg-12\">\n                <div class=\"bottom-credits\">\n                \t<a href=\"#\">Sunset hills&copy; All Rights Reserved.<\/a>                <\/div>\n            <\/div>\n        <\/div>\n        <div class=\"divider-xs\"><\/div>\n    <\/div>\n<\/div>\n\t\t\t\t<\/div>\n\t\t\t\t<\/div>\n\t\t\t\t\t<\/div>\n\t\t<\/div>\n\t\t\t\t\t<\/div>\n\t\t<\/section>\n\t\t\t\t<\/div>","protected":false},"excerpt":{"rendered":"<p>Sunset hills Motion Pictures Twoja przegl\u0105darka nie obs\u0142uguje tagu video. Close 01. About Us Our company is able to supervise other productions on commission preparing a photo set, selecting objects. We design scenography, we have numerous contacts with companies involved in post-production of films. . We have the opportunity to hire Polish film crews at [&hellip;]<\/p>\n","protected":false},"author":1,"featured_media":0,"parent":0,"menu_order":0,"comment_status":"closed","ping_status":"closed","template":"page-templates\/index-html5-video.php","meta":{"inline_featured_image":false,"footnotes":""},"class_list":["post-83","page","type-page","status-publish","hentry"],"_links":{"self":[{"href":"https:\/\/sunsethillsmotionpictures.com\/pl\/wp-json\/wp\/v2\/pages\/83","targetHints":{"allow":["GET"]}}],"collection":[{"href":"https:\/\/sunsethillsmotionpictures.com\/pl\/wp-json\/wp\/v2\/pages"}],"about":[{"href":"https:\/\/sunsethillsmotionpictures.com\/pl\/wp-json\/wp\/v2\/types\/page"}],"author":[{"embeddable":true,"href":"https:\/\/sunsethillsmotionpictures.com\/pl\/wp-json\/wp\/v2\/users\/1"}],"replies":[{"embeddable":true,"href":"https:\/\/sunsethillsmotionpictures.com\/pl\/wp-json\/wp\/v2\/comments?post=83"}],"version-history":[{"count":79,"href":"https:\/\/sunsethillsmotionpictures.com\/pl\/wp-json\/wp\/v2\/pages\/83\/revisions"}],"predecessor-version":[{"id":883,"href":"https:\/\/sunsethillsmotionpictures.com\/pl\/wp-json\/wp\/v2\/pages\/83\/revisions\/883"}],"wp:attachment":[{"href":"https:\/\/sunsethillsmotionpictures.com\/pl\/wp-json\/wp\/v2\/media?parent=83"}],"curies":[{"name":"wp","href":"https:\/\/api.w.org\/{rel}","templated":true}]}}